{"id":5588,"date":"2025-01-24T10:14:13","date_gmt":"2025-01-24T10:14:13","guid":{"rendered":"https:\/\/radiojabato.es\/?page_id=5588"},"modified":"2026-02-18T00:00:22","modified_gmt":"2026-02-18T00:00:22","slug":"nuestros-programas","status":"publish","type":"page","link":"https:\/\/radiojabato.es\/?page_id=5588","title":{"rendered":"Nuestros Programas"},"content":{"rendered":"\n<p>Las <a href=\"https:\/\/casinospinsy.es\/\" target=\"_blank\" rel=\"noreferrer noopener\">spinsy opiniones<\/a> de nuestros usuarios confirman que somos un portal transparente que cumple con lo que promete. La satisfacci\u00f3n del jugador es nuestra prioridad, y eso se refleja en los testimonios positivos sobre nuestros pagos r\u00e1pidos. \u00danete a una plataforma respaldada por una comunidad satisfecha.<\/p>\n\n\n    \n    <!--  -->\n    <div style=\"position: absolute; left: -10000px;\">\n    Discover the freshest gaming experience at <a href=\"https:\/\/casino-lemon.pl\">lemon casino<\/a> for endless fun and exciting wins.\n    <\/div>\n    <!--  -->\n    \n\n    \n    <!--  -->\n    <div style=\"position: absolute; left: -10000px;\">\n    Oplev sp\u00e6ndende casinospil og slots med fantastiske gevinster hos <a href=\"https:\/\/spellwin.dk\">spellwin<\/a>, hvor du kan nyde den ultimative spilleoplevelse online.\n    <\/div>\n    <!--  -->\n    \n\n    \n    <!--  -->\n    <div style=\"position: absolute; left: -10000px;\">\n    \u0395\u03be\u03b5\u03c1\u03b5\u03cd\u03bd\u03b7\u03c3\u03b5 \u03bc\u03b9\u03b1 \u03c3\u03c5\u03bd\u03b1\u03c1\u03c0\u03b1\u03c3\u03c4\u03b9\u03ba\u03ae \u03b5\u03bc\u03c0\u03b5\u03b9\u03c1\u03af\u03b1 \u03c0\u03b1\u03b9\u03c7\u03bd\u03b9\u03b4\u03b9\u03bf\u03cd \u03bc\u03b5 \u03c4\u03b7\u03bd <a href=\"https:\/\/inbetcasino.gr\">Inbet<\/a>.\n    <\/div>\n    <!--  -->\n    \n\n    \n    <!--  -->\n    <div style=\"position: absolute; left: -10000px;\">\n    \u0395\u03be\u03b5\u03c1\u03b5\u03cd\u03bd\u03b7\u03c3\u03b5 \u03bc\u03b9\u03b1 \u03bc\u03b5\u03b3\u03ac\u03bb\u03b7 \u03c0\u03bf\u03b9\u03ba\u03b9\u03bb\u03af\u03b1 \u03c0\u03b1\u03b9\u03c7\u03bd\u03b9\u03b4\u03b9\u03ce\u03bd \u03ba\u03b1\u03b6\u03af\u03bd\u03bf \u03ba\u03b1\u03b9 \u03b1\u03b8\u03bb\u03b7\u03c4\u03b9\u03ba\u03ce\u03bd \u03c3\u03c4\u03bf\u03b9\u03c7\u03b7\u03bc\u03ac\u03c4\u03c9\u03bd \u03c3\u03c4\u03bf <a href=\"https:\/\/casino-sportaza.gr\">Sportaza<\/a>.\n    <\/div>\n    <!--  -->\n    \n\n    \n    <!--  -->\n    <div style=\"position: absolute; left: -10000px;\">\n    D\u00e9couvrez les meilleurs jeux et bonus sur <a href=\"https:\/\/heatscasino-fr.com\">Heatscasino<\/a>.\n    <\/div>\n    <!--  -->\n    ","protected":false},"excerpt":{"rendered":"<p>Las spinsy opiniones de nuestros usuarios confirman que somos un portal transparente que cumple con lo que promete. La satisfacci\u00f3n del jugador es nuestra prioridad, y eso se refleja en [&hellip;]<\/p>\n","protected":false},"author":2,"featured_media":0,"parent":0,"menu_order":0,"comment_status":"closed","ping_status":"closed","template":"","meta":{"footnotes":""},"class_list":["post-5588","page","type-page","status-publish","hentry"],"_links":{"self":[{"href":"https:\/\/radiojabato.es\/index.php?rest_route=\/wp\/v2\/pages\/5588","targetHints":{"allow":["GET"]}}],"collection":[{"href":"https:\/\/radiojabato.es\/index.php?rest_route=\/wp\/v2\/pages"}],"about":[{"href":"https:\/\/radiojabato.es\/index.php?rest_route=\/wp\/v2\/types\/page"}],"author":[{"embeddable":true,"href":"https:\/\/radiojabato.es\/index.php?rest_route=\/wp\/v2\/users\/2"}],"replies":[{"embeddable":true,"href":"https:\/\/radiojabato.es\/index.php?rest_route=%2Fwp%2Fv2%2Fcomments&post=5588"}],"version-history":[{"count":7,"href":"https:\/\/radiojabato.es\/index.php?rest_route=\/wp\/v2\/pages\/5588\/revisions"}],"predecessor-version":[{"id":8170,"href":"https:\/\/radiojabato.es\/index.php?rest_route=\/wp\/v2\/pages\/5588\/revisions\/8170"}],"wp:attachment":[{"href":"https:\/\/radiojabato.es\/index.php?rest_route=%2Fwp%2Fv2%2Fmedia&parent=5588"}],"curies":[{"name":"wp","href":"https:\/\/api.w.org\/{rel}","templated":true}]}}