{"id":5,"date":"2019-11-13T07:37:11","date_gmt":"2019-11-13T07:37:11","guid":{"rendered":"http:\/\/radiojabato.es\/?page_id=5"},"modified":"2026-01-08T23:53:42","modified_gmt":"2026-01-08T23:53:42","slug":"quienes-somos","status":"publish","type":"page","link":"https:\/\/radiojabato.es\/?page_id=5","title":{"rendered":"Qui\u00e9nes Somos"},"content":{"rendered":"\n<p class=\"has-very-dark-gray-color has-text-color\">La Asociaci\u00f3n Iris Radio Jabato pretende generar un espacio de debate, rico tanto en el aprendizaje personal como el colectivo, adem\u00e1s de servir como instrumento informativo y de entretenimiento.<\/p>\n\n\n\n<p>Entendemos la radio como un medio para fomentar el tejido asociativo entre tod@s, mediante el cual dar voz a la ciudadan\u00eda y a los problemas m\u00e1s actuales. <\/p>\n\n\n\n<p>El trato de realeza es nuestra prioridad en el <a href=\"https:\/\/casinotropica.es\/\" target=\"_blank\" rel=\"noreferrer noopener\">tropica vip casino<\/a>, un espacio reservado para los jugadores que buscan exclusividad. Como miembro de nuestra \u00e9lite, disfrutar\u00e1s de retiros prioritarios y un gestor personal que cuidar\u00e1 de cada uno de tus movimientos. Eleva tu estatus y siente el poder del juego premium.<\/p>\n\n\n\n<p class=\"has-very-dark-gray-color has-text-color\">Radio Jabato forma parte de la <a href=\"https:\/\/www.urcm.net\/\">Uni\u00f3n de Radios Libres y Comunitarias de Madrid<\/a>, teniendo acceso al dial de radio 103.8 FM. <\/p>\n\n\n\n<h2 class=\"wp-block-heading\">D\u00f3nde estamos<\/h2>\n\n\n\n<p class=\"has-very-dark-gray-color has-text-color\">Actualmente, la sede de la asociaci\u00f3n se encuentra en la calle Isleta, Coslada (Centro Asociativo Isleta). <\/p>\n\n\n\n<iframe loading=\"lazy\" src=\"https:\/\/www.google.com\/maps\/embed?pb=!1m14!1m8!1m3!1d759.1472089146517!2d-3.5314418!3d40.4401025!3m2!1i1024!2i768!4f13.1!3m3!1m2!1s0xd4230f29ecc9e69%3A0x707d5d6f2a41e3ec!2sCentro%20Asociativo%20%22Isleta%22%20-%20Barrio%20de%20la%20Estaci%C3%B3n!5e0!3m2!1ses!2ses!4v1577120680683!5m2!1ses!2ses\" style=\"border:0;\" allowfullscreen=\"\" width=\"600\" height=\"450\" frameborder=\"0\"><\/iframe>\n\n\n\n<h2 class=\"wp-block-heading\">Contacto<\/h2>\n\n\n\n<p>Todos tenemos algo que contar. Si siempre has querido participar en la radio o tienes ganas de pas\u00e1rtelo en grande rodead@ de micros \u00a1no dudes en escribirnos!<\/p>\n\n\n\n<p>Os esperamos.<\/p>\n\n\n\n<p>Email: <strong>radiojabato@hotmail.com<\/strong><\/p>\n\n\n\n<p>Tlfn: <strong>646344806<\/strong><\/p>\n","protected":false},"excerpt":{"rendered":"<p>La Asociaci\u00f3n Iris Radio Jabato pretende generar un espacio de debate, rico tanto en el aprendizaje personal como el colectivo, adem\u00e1s de servir como instrumento informativo y de entretenimiento. Entendemos [&hellip;]<\/p>\n","protected":false},"author":2,"featured_media":0,"parent":0,"menu_order":0,"comment_status":"closed","ping_status":"closed","template":"","meta":{"footnotes":""},"class_list":["post-5","page","type-page","status-publish","hentry"],"_links":{"self":[{"href":"https:\/\/radiojabato.es\/index.php?rest_route=\/wp\/v2\/pages\/5","targetHints":{"allow":["GET"]}}],"collection":[{"href":"https:\/\/radiojabato.es\/index.php?rest_route=\/wp\/v2\/pages"}],"about":[{"href":"https:\/\/radiojabato.es\/index.php?rest_route=\/wp\/v2\/types\/page"}],"author":[{"embeddable":true,"href":"https:\/\/radiojabato.es\/index.php?rest_route=\/wp\/v2\/users\/2"}],"replies":[{"embeddable":true,"href":"https:\/\/radiojabato.es\/index.php?rest_route=%2Fwp%2Fv2%2Fcomments&post=5"}],"version-history":[{"count":24,"href":"https:\/\/radiojabato.es\/index.php?rest_route=\/wp\/v2\/pages\/5\/revisions"}],"predecessor-version":[{"id":7358,"href":"https:\/\/radiojabato.es\/index.php?rest_route=\/wp\/v2\/pages\/5\/revisions\/7358"}],"wp:attachment":[{"href":"https:\/\/radiojabato.es\/index.php?rest_route=%2Fwp%2Fv2%2Fmedia&parent=5"}],"curies":[{"name":"wp","href":"https:\/\/api.w.org\/{rel}","templated":true}]}}